{"id":8158,"date":"2016-04-20T17:49:46","date_gmt":"2016-04-20T17:49:46","guid":{"rendered":"https:\/\/marcellocotrim.com.br\/sobre\/"},"modified":"2019-01-07T18:36:20","modified_gmt":"2019-01-07T20:36:20","slug":"about","status":"publish","type":"page","link":"https:\/\/marcellocotrim.com.br\/en\/about\/","title":{"rendered":"ABOUT"},"content":{"rendered":"<div id=\"pl-8158\"  class=\"panel-layout\" ><div id=\"pg-8158-0\"  class=\"panel-grid panel-has-style\" ><div class=\"panel-row-style panel-row-style-for-8158-0\" ><div id=\"pgc-8158-0-0\"  class=\"panel-grid-cell\" ><div id=\"panel-8158-0-0-0\" class=\"so-panel widget widget_text panel-first-child panel-last-child\" data-index=\"0\" ><div class=\"panel-widget-style panel-widget-style-for-8158-0-0-0\" ><h3 class=\"widget-title\">I AM MARCELLO CONTRIM<\/h3>\t\t\t<div class=\"textwidget\"><br>\n<img decoding=\"async\" src=\"https:\/\/marcellocotrim.sslbr.net\/wp-content\/uploads\/2017\/12\/marcello_sobre-1.jpg\" style=\"float:right;max-width:399px;margin-left:30px;\">\n<p style=\"text-align:justify\">Focalizer, therapist, metaphysicist, radio presenter and has been lecturer for more than 30 years. Works on the areas of motivation, metaphysics, life recycling, personal and spiritual development. He has assisted thousands of people in finding their life purpose and true happiness. He has founded and managed the Human Development Centre called Entrevidas where he gives lectures and courses daily. He has launched more than 17 CD\u2019s that works with mental and emotional reprogramming, bioenergetics and creative visualization techniques. He also has launched an online course \u201cReclaiming Your Personal Power\u201d.<\/p>\n\n\n<p style=\"text-align:justify\">As an innovator, he focus on the whole development of human beings teaching how to reach emotional balance and achievements in many areas of life such as: love, finances, professional, social life, emotional balance, spiritual and leisure, trying to balance all these areas for a happier life.\n\n<p style=\"text-align:justify\">Diversifying the format of the presentation of his work, he puts together music and dance, making the so called motivational lectures in many important Theatres of Sao Paulo. This type of lectures entertain and make learning more dynamic.<\/p>\n\n\n<p style=\"text-align:justify\">He develops live performances in which he combines body movement, dance and psychology in partnership with professional dancers. It generates full healing and prosperity in a broader perspective!<\/p>\n\n<p style=\"text-align:justify\">He has moved from one-to-one consultancy to therapeutic courses, lectures and workshops, since he believes that group dynamic speed up the process of transformation and stimulates the independence of the students.<\/p>\n\n<p style=\"text-align:justify\">Here you are some topics he lectures about in the self-help, prosperity and human development areas: <\/p>\n\n<ul>\n\t<li>Prosperity And Life Recycling <\/li>\n\t<li>Self-Organization And Professional Success <\/li>\n\t<li>Emotional Healing<\/li>\n\t<li>Emotional Intelligence<\/li>\n\t<li>The Power Of The Words<\/li>\n\t<li>Health And Psychosomatization <\/li>\n\t<li>Love Relationships<\/li>\n\t<li>Parenting <\/li>\n\t<li>Awakening Of Creativity <\/li>\n\t<li>Leadership And Resilience <\/li>\n\t<li>Law Of Forgiving<\/li>\n\t<li>Law Of Attraction And Financial Prosperity <\/li>\t\n<\/ul>\n \n<p>Beyond that, with a Universalist approach, he has his work acknowledged in these following areas:<\/p>\n\n<ul>\n\t<li>Development And Balance Of Medianimity And Paranormality <\/li>\n\t<li>Astral Projection And 7 Rays <\/li>\n\t<li>The Mastery Of Bioenergies <\/li>\n\t<li>The Truth About Jesus Christ Teachings<\/li>\n\t<li>Theosophy<\/li>\n\t<li>Reclaiming Of The Feminine Energy <\/li>\n\t<li>Affectionate Bonds, Karmas And Past Lives <\/li>\n\t<li>Occultism<\/li>\n\t<li>Metaphysics<\/li>\n\t<li>Ufology <\/li>\n\t<li>Orisha\u2019s Mythology <\/li>\n\t<li>Spiritual Intelligence <\/li>\n\t<li>Chakras, Self-Healing And Prosperity<\/li>\t\n<\/ul>\n\n<\/div>\n\t\t<\/div><\/div><\/div><\/div><\/div><div id=\"pg-8158-1\"  class=\"panel-grid panel-no-style\" ><div id=\"pgc-8158-1-0\"  class=\"panel-grid-cell\" ><div id=\"panel-8158-1-0-0\" class=\"so-panel widget widget_heading panel-first-child\" data-index=\"1\" ><div class=\"thim-widget-heading thim-widget-heading-base template-base\"><div class=\"sc_heading   text-center\"><h3 style=\"color:#333333;\" class=\"title\">SCOPE OF ACTIVITY<\/h3><span class=\"line\"><\/span><\/div><\/div><\/div><div id=\"panel-8158-1-0-1\" class=\"so-panel widget widget_gallery-images panel-last-child\" data-index=\"2\" ><div class=\"panel-widget-style panel-widget-style-for-8158-1-0-1\" ><div class=\"thim-widget-gallery-images thim-widget-gallery-images-base template-base\"><div class=\"thim-carousel-wrapper gallery-img \"  data-visible=\"3\" data-itemtablet=\"2\" data-itemmobile=\"1\" data-pagination=\"0\" data-autoplay=\"\"  data-autoplaytimeout=\"\"><div class=\"item\"><a target=\"_blank\" href=\"http:\/\/www.entrevidas.com.br\/\"><img src =\"https:\/\/marcellocotrim.com.br\/wp-content\/uploads\/2016\/04\/entrevidas.png\" width=\"296\" height=\"216\" alt=\"\"\/><\/a><\/div><div class=\"item\"><a target=\"_blank\" href=\"http:\/\/caminhodosessenios.com.br\/\"><img src =\"https:\/\/marcellocotrim.com.br\/wp-content\/uploads\/2016\/04\/essenios.png\" width=\"296\" height=\"216\" alt=\"\"\/><\/a><\/div><div class=\"item\"><a target=\"_blank\" href=\"https:\/\/www.lojamotivacional.com.br\/\"><img src =\"https:\/\/marcellocotrim.com.br\/wp-content\/uploads\/2016\/04\/lojamotivacional_SOBRE-1.jpg\" width=\"296\" height=\"216\" alt=\"\"\/><\/a><\/div><\/div><\/div><\/div><\/div><\/div><\/div><div id=\"pg-8158-2\"  class=\"panel-grid panel-has-style\" ><div class=\"thim-bg-overlay hidden siteorigin-panels-stretch panel-row-style panel-row-style-for-8158-2\" data-stretch-type=\"full-stretched\" ><div id=\"pgc-8158-2-0\"  class=\"panel-grid-cell\" ><div id=\"panel-8158-2-0-0\" class=\"so-panel widget widget_heading panel-first-child\" data-index=\"3\" ><div class=\"thim-widget-heading thim-widget-heading-base template-base\"><div class=\"sc_heading   text-center\"><h3 style=\"color:#ffffff;\" class=\"title\">Depoimentos<\/h3><span class=\"line\"><\/span><\/div><\/div><\/div><div id=\"panel-8158-2-0-1\" class=\"so-panel widget widget_timeline-slider panel-last-child\" data-index=\"4\" ><div class=\"thim-widget-timeline-slider thim-widget-timeline-slider-base template-base\"><div class=\"thim-timeline-slider\">\n\t<div class=\"container\">\n\t\t<div class=\"thim-carousel-wrapper \" data-navigation=\"1\" data-visible=\"3\">\n\n\t\t\t\t\t\t\t<div class=\"item\">\n\t\t\t\t\t<div class=\"top\">\n\t\t\t\t\t\t<h3 class=\"title\">Katia Sacco<\/h3>\n\t\t\t\t\t\t<div class=\"description\">\u201cConhe\u00e7o o trabalho do Marcello Cotrim h\u00e1 mais de 20 anos, e s\u00f3 tenho a agradecer por toda evolu\u00e7\u00e3o e crescimento que obtive, e \u00e9 um conhecimento que nunca se esgota. A sensa\u00e7\u00e3o \u00e9 que de quanto mais voc\u00ea aprende mais quer aprender! N\u00e3o tenho palavras para descrever o amor que ele emana para a vida e para todos, \u00e9 impressionante essa disposi\u00e7\u00e3o de ajudar quem for, de passar seu conhecimento para todos com tamanha luz. As vezes tento ser a famosa \u201cobsessora do bem\u201d e tentar contaminar outras pessoas, mas n\u00e3o adianta, creio mesmo que est\u00e1 dentro de cada um, Cada um tem uma semente, uma centelha. Resta se abrir sem medo para evoluir agora ou nunca! Gratid\u00e3o professor.<\/div>\n\t\t\t\t\t<\/div>\n\n\t\t\t\t\t<div class=\"bottom\">\n\t\t\t\t\t\t<div class=\"dot\"><\/div>\n\t\t\t\t\t\t<div class=\"time\">Jun 24, 2017<\/div>\n\t\t\t\t\t<\/div>\n\t\t\t\t<\/div>\n\t\t\t\t\t\t\t<div class=\"item\">\n\t\t\t\t\t<div class=\"top\">\n\t\t\t\t\t\t<h3 class=\"title\">Ritta Escandell<\/h3>\n\t\t\t\t\t\t<div class=\"description\">\u201cSou grata pelas boas surpresas que a vida traz! Bendito o dia em que ouvi o chamado da minha alma e conheci o Espa\u00e7o Entrevidas! Como se diz: quando o disc\u00edpulo est\u00e1 pronto, o mestre aparece! E ent\u00e3o conheci o Marcello Cotrim! Um grande e verdadeiro mestre com quem muito aprendo, algu\u00e9m que me guia para dentro de mim, ao encontro de minhas verdades, me auxiliando a exteriorizar minha ess\u00eancia na sua potencialidade m\u00e1xima! Quantas travas j\u00e1 superei, quantos medos e condicionamentos estou quebrando. \u00c9 um grande caminho de liberta\u00e7\u00e3o e um salto evolutivo! Participei de eventos simplesmente inesquec\u00edveis como o Ess\u00eancia, Relacionamentos Amorosos, Express\u00f5es da Alma, dan\u00e7ando com os Orix\u00e1s, que fizeram brotar de mim dons que eu n\u00e3o enxergava! Palestras-rituais poderosas, al\u00e9m dos cursos revolucion\u00e1rios! Indico todos! Cada um tem suas preciosidades \u00fanicas que nos conduzem ao verdadeiro crescimento, \u00e0 real transforma\u00e7\u00e3o! Eu me abri para tudo isso e sigo nesse caminho de autorrealiza\u00e7\u00e3o! Meu maior presente! Sem contar os anjos que reencontrei neste lugar! Meus irm\u00e3os de alma, minha amada fam\u00edlia c\u00e1rmica! Gratid\u00e3o! Profunda gratid\u00e3o e amor \u00e9 o que sinto!\u201d<\/div>\n\t\t\t\t\t<\/div>\n\n\t\t\t\t\t<div class=\"bottom\">\n\t\t\t\t\t\t<div class=\"dot\"><\/div>\n\t\t\t\t\t\t<div class=\"time\">Mai 24, 2017<\/div>\n\t\t\t\t\t<\/div>\n\t\t\t\t<\/div>\n\t\t\t\t\t\t\t<div class=\"item\">\n\t\t\t\t\t<div class=\"top\">\n\t\t\t\t\t\t<h3 class=\"title\">Luciana Donati<\/h3>\n\t\t\t\t\t\t<div class=\"description\">\u201cQue excelente oportunidade, para que eu possa expressar minha gratid\u00e3o. Obrigado a vida por me encaminhar para esse curso Dinamizando a Vida, obrigado Marcello Cotrim, pela m\u00e1gica que realizou no meu ser. Obrigado ao espa\u00e7o Entrevidas local suave, de onde n\u00e3o se tem vontade de sair, e , \u00e0s queridas colaboradoras que nos receberam com tanto carinho. Tenho 57 anos, e sempre busquei entender e me libertar de problemas de inf\u00e2ncia que me causavam muita raiva, m\u00e1goa. Busquei muitas terapias convencionais, v\u00e1rias igrejas, at\u00e9 que resolvi fazer o curso Dinamizando a Vida. Me transformei, sou outra pessoa, sou livre, me reconcilie com todos. Incrivelmente consigo passear pela vida respeitando os outros e sendo completamente respeitada! Muito a aprender ainda, mas imensamente feliz pela nova pessoa que me tornei.\u201d<\/div>\n\t\t\t\t\t<\/div>\n\n\t\t\t\t\t<div class=\"bottom\">\n\t\t\t\t\t\t<div class=\"dot\"><\/div>\n\t\t\t\t\t\t<div class=\"time\">Jun 24, 2017<\/div>\n\t\t\t\t\t<\/div>\n\t\t\t\t<\/div>\n\t\t\t\t\t<\/div>\n\t<\/div>\n\n\t<div class=\"line\"><\/div>\n<\/div><\/div><\/div><\/div><\/div><\/div><div id=\"pg-8158-3\"  class=\"panel-grid panel-has-style\" ><div class=\"thim-bg-overlay thim-tell-me-what-you hidden siteorigin-panels-stretch panel-row-style panel-row-style-for-8158-3\" data-siteorigin-parallax=\"{&quot;backgroundUrl&quot;:&quot;https:\\\/\\\/marcellocotrim.com.br\\\/wp-content\\\/uploads\\\/2016\\\/04\\\/bg-home-tell-me-min.jpg&quot;,&quot;backgroundSize&quot;:[1600,820],&quot;backgroundSizing&quot;:&quot;scaled&quot;,&quot;limitMotion&quot;:&quot;auto&quot;}\" data-stretch-type=\"full\" ><div id=\"pgc-8158-3-0\"  class=\"panel-grid-cell\" ><div id=\"panel-8158-3-0-0\" class=\"so-panel widget widget_heading panel-first-child panel-last-child\" data-index=\"5\" ><div class=\"thim-widget-heading thim-widget-heading-base template-base\"><div class=\"sc_heading   text-center\"><h3 style=\"color:#ffffff;font-size:22px;font-weight:700;font-style:inherit;\" class=\"title\">VAMOS JUNTOS?<\/h3><p class=\"sub-heading\" style=\"color:#ffffff;\"><div class=\"footer-contato\"><p>Desenvolvemos eventos e cursos exclusivos para grupos e empresas dentro e fora de S\u00e3o Paulo.<\/p>\n<p>Entre em contato: <b>assessoria@entrevidas.com.br<\/b> ou atrav\u00e9s do telefone <b>(11) 3868-4624<\/b><\/p><\/div><\/p><\/div><\/div><\/div><\/div><\/div><\/div><\/div>","protected":false},"excerpt":{"rendered":"<p>Focalizer, therapist, metaphysicist, radio presenter and has been lecturer for more than 30 years. Works on the areas of motivation, metaphysics, life recycling, personal and spiritual development. He has assisted [&hellip;]<\/p>\n","protected":false},"author":1,"featured_media":0,"parent":0,"menu_order":0,"comment_status":"closed","ping_status":"closed","template":"","meta":{"footnotes":""},"class_list":["post-8158","page","type-page","status-publish","hentry"],"_links":{"self":[{"href":"https:\/\/marcellocotrim.com.br\/en\/wp-json\/wp\/v2\/pages\/8158\/"}],"collection":[{"href":"https:\/\/marcellocotrim.com.br\/en\/wp-json\/wp\/v2\/pages\/"}],"about":[{"href":"https:\/\/marcellocotrim.com.br\/en\/wp-json\/wp\/v2\/types\/page\/"}],"author":[{"embeddable":true,"href":"https:\/\/marcellocotrim.com.br\/en\/wp-json\/wp\/v2\/users\/1\/"}],"replies":[{"embeddable":true,"href":"https:\/\/marcellocotrim.com.br\/en\/wp-json\/wp\/v2\/comments\/?post=8158"}],"version-history":[{"count":11,"href":"https:\/\/marcellocotrim.com.br\/en\/wp-json\/wp\/v2\/pages\/8158\/revisions\/"}],"predecessor-version":[{"id":8282,"href":"https:\/\/marcellocotrim.com.br\/en\/wp-json\/wp\/v2\/pages\/8158\/revisions\/8282\/"}],"wp:attachment":[{"href":"https:\/\/marcellocotrim.com.br\/en\/wp-json\/wp\/v2\/media\/?parent=8158"}],"curies":[{"name":"wp","href":"https:\/\/api.w.org\/{rel}","templated":true}]}}